{"id":135418,"date":"2024-05-28T12:48:06","date_gmt":"2024-05-28T09:48:06","guid":{"rendered":"https:\/\/alisa.od.ua\/progulyankova-kolyaska-kinderkraft-grande-plus-black\/"},"modified":"2024-05-28T12:48:09","modified_gmt":"2024-05-28T09:48:09","slug":"progulyankova-kolyaska-kinderkraft-grande-plus-black","status":"publish","type":"product","link":"https:\/\/alisa.od.ua\/uk\/progulyankova-kolyaska-kinderkraft-grande-plus-black\/","title":{"rendered":"\u041f\u0440\u043e\u0433\u0443\u043b\u044f\u043d\u043a\u043e\u0432\u0430 \u043a\u043e\u043b\u044f\u0441\u043a\u0430 Kinderkraft GRANDE Plus Black"},"content":{"rendered":"<p>\u041f\u0440\u0435\u0434\u0441\u0442\u0430\u0432\u043b\u044f\u0454\u043c\u043e GRANDE PLUS &mdash; \u043a\u043e\u043b\u044f\u0441\u043a\u0443, \u044f\u043a\u0430 \u0441\u043f\u043e\u0434\u043e\u0431\u0430\u0454\u0442\u044c\u0441\u044f \u043a\u043e\u0436\u043d\u0438\u043c \u0431\u0430\u0442\u044c\u043a\u0430\u043c.&nbsp;\u0426\u0435 \u043a\u043e\u043b\u044f\u0441\u043a\u0430 \u0432\u0456\u0434 \u043d\u0430\u0440\u043e\u0434\u0436\u0435\u043d\u043d\u044f \u0434\u043e 22 \u043a\u0433, \u0437\u0430\u0432\u0434\u044f\u043a\u0438 \u0447\u043e\u043c\u0443 \u0432\u043e\u043d\u0430 \u0441\u043b\u0443\u0433\u0443\u0432\u0430\u0442\u0438\u043c\u0435 \u0432\u0430\u043c \u0443\u043f\u0440\u043e\u0434\u043e\u0432\u0436 \u0443\u0441\u044c\u043e\u0433\u043e \u043f\u0435\u0440\u0456\u043e\u0434\u0443 \u043f\u0440\u043e\u0433\u0443\u043b\u044f\u043d\u043e\u043a.&nbsp;\u041f\u0440\u043e\u0434\u0443\u043c\u0430\u043d\u0456 \u0440\u0456\u0448\u0435\u043d\u043d\u044f \u0434\u043b\u044f \u0434\u0456\u0442\u0435\u0439 \u0456 \u0431\u0430\u0442\u044c\u043a\u0456\u0432 \u0440\u043e\u0431\u043b\u044f\u0442\u044c GRANDE PLUS \u0456\u0434\u0435\u0430\u043b\u044c\u043d\u043e\u044e \u043a\u043e\u043b\u044f\u0441\u043a\u043e\u044e \u0434\u043b\u044f \u043c\u0456\u0441\u044c\u043a\u0438\u0445 \u043f\u0440\u043e\u0433\u0443\u043b\u044f\u043d\u043e\u043a.&nbsp;\u0412\u043e\u043d\u0430 \u043c\u0430\u0454 \u0430\u043c\u043e\u0440\u0442\u0438\u0437\u0430\u0446\u0456\u044e \u043d\u0430 \u0432\u0441\u0456\u0445 \u043a\u043e\u043b\u0435\u0441\u0430\u0445, \u0437\u0430\u0432\u0434\u044f\u043a\u0438 \u0447\u043e\u043c\u0443 \u043d\u0435\u0440\u0456\u0432\u043d\u043e\u0441\u0442\u0456 \u0434\u043e\u0440\u043e\u0436\u043d\u044c\u043e\u0433\u043e \u043f\u043e\u043a\u0440\u0438\u0442\u0442\u044f \u0430\u0431\u043e \u043d\u0430\u0432\u0456\u0442\u044c \u043a\u0440\u0443\u0433\u043b\u0438\u043b\u044c\u043d\u0438\u043a\u0438 \u043d\u0435 \u0431\u0443\u0434\u0443\u0442\u044c \u0434\u043b\u044f \u0446\u0456\u0454\u0457 \u043a\u043e\u043b\u044f\u0441\u043a\u0438 \u043f\u0440\u043e\u0431\u043b\u0435\u043c\u043e\u044e.&nbsp;\u041a\u043e\u043b\u0435\u0441\u0430 \u0437\u0440\u043e\u0431\u043b\u0435\u043d\u0456 \u0437 \u043d\u0435\u043f\u0440\u043e\u043d\u0438\u043a\u043d\u043e\u0457 \u043f\u0456\u043d\u0438 \u0442\u0430 \u043d\u0435 \u043f\u043e\u0442\u0440\u0435\u0431\u0443\u044e\u0442\u044c \u043d\u0430\u043a\u0430\u0447\u0443\u0432\u0430\u043d\u043d\u044f.&nbsp;\u0412\u0438 \u043c\u043e\u0436\u0435\u0442\u0435 \u0441\u043a\u043b\u0430\u0441\u0442\u0438 GRANDE PLUS \u043e\u0434\u043d\u0456\u0454\u044e \u0440\u0443\u043a\u043e\u044e \u0437\u0430\u0432\u0434\u044f\u043a\u0438 \u0441\u0438\u0441\u0442\u0435\u043c\u0456 CLICK&#038;FOLD \u0443 \u0440\u0443\u0447\u0446\u0456.&nbsp;\u041f\u043b\u0430\u0432\u043d\u0435, \u0431\u0430\u0433\u0430\u0442\u043e\u0441\u0442\u0443\u043f\u0435\u043d\u0435\u0432\u0435 \u0440\u0435\u0433\u0443\u043b\u044e\u0432\u0430\u043d\u043d\u044f \u0441\u043f\u0438\u043d\u043a\u0438 \u0437 \u043f\u043e\u043b\u043e\u0436\u0435\u043d\u043d\u044f \u0441\u0438\u0434\u044f\u0447\u0438 \u0432 \u043f\u043e\u043b\u043e\u0436\u0435\u043d\u043d\u044f \u043b\u0435\u0436\u0430\u0447\u0438 \u0434\u0430\u0454 \u0437\u043c\u043e\u0433\u0443 \u0448\u0432\u0438\u0434\u043a\u043e \u0441\u0442\u0432\u043e\u0440\u0438\u0442\u0438 \u0456\u0434\u0435\u0430\u043b\u044c\u043d\u0438\u0439 \u043f\u0440\u043e\u0441\u0442\u0456\u0440 \u0434\u043b\u044f \u0441\u043d\u0443 \u043d\u0430 \u0441\u0432\u0456\u0436\u043e\u043c\u0443 \u043f\u043e\u0432\u0456\u0442\u0440\u0456 \u0434\u043b\u044f \u043c\u0430\u043b\u0435\u043d\u044c\u043a\u0438\u0445 \u0456 \u0432\u0435\u043b\u0438\u043a\u0438\u0445 \u0434\u0456\u0442\u0435\u0439.<\/p>\n<div class=\"gap-10 grid grid-cols-1 lg:grid-cols-3 lg:px-6 sm:grid-cols-2\">\n<div class=\"px-6\"><img loading=\"lazy\" decoding=\"async\" alt=\"\u041d\u0430 \u0432\u0435\u0441\u044c \u043f\u0435\u0440\u0438\u043e\u0434 \u043f\u0440\u043e\u0433\u0443\u043b\u043a\u0438\" class=\"object-contain object-center\" height=\"450\" src=\"https:\/\/kinderkraft.pl\/media\/wysiwyg\/wozki\/Grande-Plus\/wozek-spacerowy-kinderkraft-grande-plus-rozowy-1-do-22-kg.jpg\" width=\"450\" \/><\/p>\n<p><span><span>\u041d\u0430 \u0432\u0435\u0441\u044c \u043f\u0435\u0440\u0456\u043e\u0434 \u043f\u0440\u043e\u0433\u0443\u043b\u044f\u043d\u043a\u0438<\/span><\/span><\/p>\n<p><span><span>\u041f\u043b\u043e\u0441\u043a\u0430 \u0441\u043a\u043b\u0430\u0434\u0430\u043d\u0430 \u0441\u043f\u0438\u043d\u043a\u0430 \u0442\u0430 \u043c\u0456\u0446\u043d\u0438\u0439 \u043a\u0430\u0440\u043a\u0430\u0441 \u0440\u043e\u0431\u043b\u044f\u0442\u044c \u043a\u0440\u0456\u0441\u043b\u043e GRANDE PLUS \u043f\u0440\u0438\u0434\u0430\u0442\u043d\u0438\u043c \u0434\u043b\u044f \u0434\u0456\u0442\u0435\u0439 \u0432\u0456\u0434 \u043d\u0430\u0440\u043e\u0434\u0436\u0435\u043d\u043d\u044f \u0434\u043e 22 \u043a\u0433, \u0442\u043e\u0431\u0442\u043e \u043c\u0430\u0439\u0436\u0435 4 \u0440\u043e\u043a\u0438.<\/span><\/span><\/p>\n<\/div>\n<div class=\"px-6\"><img loading=\"lazy\" decoding=\"async\" alt=\"\u0421\u043a\u043b\u0430\u0434\u044b\u0432\u0430\u043d\u0438\u0435 \u043e\u0434\u043d\u043e\u0439 \u0440\u0443\u043a\u043e\u0439\" class=\"object-contain object-center\" height=\"450\" src=\"https:\/\/kinderkraft.pl\/media\/wysiwyg\/wozki\/Grande-Plus\/wozek-spacerowy-kinderkraft-grande-plus-rozowy-click-fold.jpg\" width=\"450\" \/><\/p>\n<p><span><span>\u0421\u043a\u043b\u0430\u0434\u0430\u043d\u043d\u044f \u043e\u0434\u043d\u0456\u0454\u044e \u0440\u0443\u043a\u043e\u044e<\/span><\/span><\/p>\n<p><span><span>\u0417\u0430\u0432\u0434\u044f\u043a\u0438 \u0441\u0438\u0441\u0442\u0435\u043c\u0456 CLICK&#038;FOLD \u0443 \u0440\u0443\u0447\u0446\u0456 \u043a\u043e\u043b\u044f\u0441\u043a\u0443 \u043c\u043e\u0436\u043d\u0430 \u0441\u043a\u043b\u0430\u0441\u0442\u0438 \u043e\u0434\u043d\u0456\u0454\u044e \u0440\u0443\u043a\u043e\u044e. <\/span><span>\u0423 \u0441\u043a\u043b\u0430\u0434\u0435\u043d\u043e\u043c\u0443 \u0441\u0442\u0430\u043d\u0456 \u043a\u043e\u043b\u044f\u0441\u043a\u0430 \u043c\u0430\u0454 \u043a\u043e\u043c\u043f\u0430\u043a\u0442\u043d\u0456 \u0440\u043e\u0437\u043c\u0456\u0440\u0438.<\/span><\/span><\/p>\n<\/div>\n<div class=\"px-6\"><img loading=\"lazy\" decoding=\"async\" alt=\"\u041c\u044f\u0433\u043a\u0438\u0435, \u0443\u0441\u0442\u043e\u0439\u0447\u0438\u0432\u044b\u0435 \u043a \u043f\u0440\u043e\u043a\u043e\u043b\u0430\u043c \u043a\u043e\u043b\u0435\u0441\u0430\" class=\"object-contain object-center\" height=\"450\" src=\"https:\/\/kinderkraft.pl\/media\/wysiwyg\/wozki\/Grande-Plus\/wozek-spacerowy-kinderkraft-grande-plus-rozowy-bezobslugowe-kola.jpg\" width=\"450\" \/><\/p>\n<p><span><span>\u041c&#39;\u044f\u043a\u0456, \u0441\u0442\u0456\u0439\u043a\u0456 \u0434\u043e \u043f\u0440\u043e\u043a\u043e\u043b\u0456\u0432 \u043a\u043e\u043b\u0435\u0441\u0430<\/span><\/span><\/p>\n<p><span><span>\u041a\u043e\u043b\u0435\u0441\u0430 \u043d\u0435 \u043f\u043e\u0442\u0440\u0456\u0431\u043d\u043e \u043d\u0430\u043a\u0430\u0447\u0443\u0432\u0430\u0442\u0438, \u0432\u043e\u043d\u0438 \u0437\u0440\u043e\u0431\u043b\u0435\u043d\u0456 \u0437 \u043d\u0435\u043f\u0440\u043e\u043d\u0438\u043a\u043d\u043e\u0457 \u043f\u0456\u043d\u0438. <\/span><span>\u0412\u043e\u043d\u0438 \u0456\u0434\u0435\u0430\u043b\u044c\u043d\u043e \u043f\u0456\u0434\u0445\u043e\u0434\u044f\u0442\u044c \u0434\u043b\u044f \u043c\u0456\u0441\u044c\u043a\u0438\u0445 \u043f\u043e\u0432\u0435\u0440\u0445\u043e\u043d\u044c, \u0430 \u043c\u043e\u0436\u043b\u0438\u0432\u0456\u0441\u0442\u044c \u0431\u043b\u043e\u043a\u0443\u0432\u0430\u043d\u043d\u044f \u043f\u0435\u0440\u0435\u0434\u043d\u0456\u0445 \u043a\u043e\u043b\u0456\u0441 \u043f\u043e\u043b\u0435\u0433\u0448\u0443\u0454 \u043f\u0435\u0440\u0435\u043c\u0456\u0449\u0435\u043d\u043d\u044f \u043a\u043e\u043b\u044f\u0441\u043a\u0438 \u043d\u0435\u0440\u0456\u0432\u043d\u043e\u044e \u043c\u0456\u0441\u0446\u0435\u0432\u0456\u0441\u0442\u044e. <\/span><span>\u041a\u043e\u043b\u044f\u0441\u043a\u0430 \u043c\u0430\u0454 \u0446\u0435\u043d\u0442\u0440\u0430\u043b\u044c\u043d\u0435 \u0433\u0430\u043b\u044c\u043c\u043e STOP&#038;RIDE.<\/span><\/span><\/p>\n<\/div>\n<div class=\"px-6\"><img loading=\"lazy\" decoding=\"async\" alt=\"\u0411\u043e\u043b\u044c\u0448\u043e\u0435 \u0441\u0438\u0434\u0435\u043d\u044c\u0435\" class=\"object-contain object-center\" height=\"450\" src=\"https:\/\/kinderkraft.pl\/media\/wysiwyg\/wozki\/Grande-Plus\/wozek-spacerowy-kinderkraft-grande-plus-rozowy-wygodne-siedzisko.jpg\" width=\"450\" \/><\/p>\n<p><span><span>\u0412\u0435\u043b\u0438\u043a\u0435 \u0441\u0438\u0434\u0456\u043d\u043d\u044f<\/span><\/span><\/p>\n<p><span><span>\u0421\u0438\u0434\u0456\u043d\u043d\u044f \u043a\u043e\u043b\u044f\u0441\u043a\u0438 \u0448\u0438\u0440\u043e\u043a\u0435 \u0442\u0430 \u0433\u043b\u0438\u0431\u043e\u043a\u0435 &mdash; \u0437\u0430\u0432\u0434\u044f\u043a\u0438 \u0446\u044c\u043e\u043c\u0443 \u0432 \u043d\u044c\u043e\u043c\u0443 \u0431\u0443\u0434\u0435 \u043a\u043e\u043c\u0444\u043e\u0440\u0442\u043d\u043e \u043d\u0430\u0432\u0456\u0442\u044c \u0432\u0435\u043b\u0438\u043a\u0438\u043c \u0434\u0456\u0442\u044f\u043c. <\/span><span>\u0412\u0456\u043d \u043c\u0430\u0454 \u0440\u0435\u0433\u0443\u043b\u044c\u043e\u0432\u0430\u043d\u0456 5-\u0442\u043e\u0447\u043a\u043e\u0432\u0456 \u0440\u0435\u043c\u0435\u043d\u0456 \u0437 \u043f\u043e\u0434\u0443\u0448\u0435\u0447\u043a\u0430\u043c\u0438 \u0442\u0430 \u043f\u043e\u0434\u0443\u0448\u0435\u0447\u043a\u043e\u044e \u0434\u043b\u044f \u043f\u0440\u043e\u043c\u0435\u0436\u0438\u043d\u0438.<\/span><\/span><\/p>\n<\/div>\n<div class=\"px-6\"><img loading=\"lazy\" decoding=\"async\" alt=\"\u0428\u0438\u0440\u043e\u043a\u0438\u0439 \u0434\u0438\u0430\u043f\u0430\u0437\u043e\u043d \u0440\u0435\u0433\u0443\u043b\u0438\u0440\u043e\u0432\u043a\u0438\" class=\"object-contain object-center\" height=\"450\" src=\"https:\/\/kinderkraft.pl\/media\/wysiwyg\/wozki\/Grande-Plus\/wozek-spacerowy-kinderkraft-grande-plus-rozowy-pozycja-lezaca.jpg\" width=\"450\" \/><\/p>\n<p><span><span>\u0428\u0438\u0440\u043e\u043a\u0438\u0439 \u0434\u0456\u0430\u043f\u0430\u0437\u043e\u043d \u0440\u0435\u0433\u0443\u043b\u044e\u0432\u0430\u043d\u043d\u044f<\/span><\/span><\/p>\n<p><span><span>\u041f\u043b\u0430\u0432\u043d\u0435, \u0431\u0430\u0433\u0430\u0442\u043e\u0441\u0442\u0443\u043f\u0435\u043d\u0435\u0432\u0435 \u0440\u0435\u0433\u0443\u043b\u044e\u0432\u0430\u043d\u043d\u044f \u0441\u043f\u0438\u043d\u043a\u0438 \u0437 \u043f\u043e\u043b\u043e\u0436\u0435\u043d\u043d\u044f \u0441\u0438\u0434\u044f\u0447\u0438 \u0432 \u043f\u043e\u043b\u043e\u0436\u0435\u043d\u043d\u044f \u043b\u0435\u0436\u0430\u0447\u0438 \u0434\u0430\u0454 \u0437\u043c\u043e\u0433\u0443 \u043b\u0435\u0433\u043a\u043e \u0440\u043e\u0437\u043a\u043b\u0430\u0434\u0430\u0442\u0438 \u043a\u043e\u043b\u044f\u0441\u043a\u0443, \u0441\u0442\u0432\u043e\u0440\u044e\u044e\u0447\u0438 \u043a\u043e\u043c\u0444\u043e\u0440\u0442\u043d\u0438\u0439 \u043f\u0440\u043e\u0441\u0442\u0456\u0440 \u0434\u043b\u044f \u0441\u043d\u0443 \u043d\u0430 \u0441\u0432\u0456\u0436\u043e\u043c\u0443 \u043f\u043e\u0432\u0456\u0442\u0440\u0456. <\/span><span>\u041f\u0456\u0434\u043d\u0456\u0436\u043a\u0443 \u043c\u043e\u0436\u043d\u0430 \u0440\u0435\u0433\u0443\u043b\u044e\u0432\u0430\u0442\u0438 \u0432 4 \u0434\u0456\u0430\u043f\u0430\u0437\u043e\u043d\u0430\u0445.<\/span><\/span><\/p>\n<\/div>\n<div class=\"px-6\"><img loading=\"lazy\" decoding=\"async\" alt=\"\u0420\u0430\u0441\u0448\u0438\u0440\u044f\u0435\u043c\u044b\u0439 \u0441\u0442\u0435\u043d\u0434\" class=\"object-contain object-center\" height=\"450\" src=\"https:\/\/kinderkraft.pl\/media\/wysiwyg\/wozki\/Grande-Plus\/KK-GRANDE-PLUS-KP-6-powiekszana-budka.jpg\" width=\"450\" \/><\/p>\n<p><span><span>\u0420\u043e\u0437\u0448\u0438\u0440\u044e\u0432\u0430\u043d\u0438\u0439 \u0441\u0442\u0435\u043d\u0434<\/span><\/span><\/p>\n<p><span><span>\u0421\u0442\u0435\u043d\u0434 \u0432\u0435\u043b\u0438\u043a\u0438\u0439 \u0456 \u043c\u043e\u0436\u0435 \u0431\u0443\u0442\u0438 \u0434\u043e\u0434\u0430\u0442\u043a\u043e\u0432\u043e \u0437\u0431\u0456\u043b\u044c\u0448\u0435\u043d\u0438\u0439. <\/span><span>\u0423 \u0437\u0430\u0434\u043d\u0456\u0439 \u0447\u0430\u0441\u0442\u0438\u043d\u0456 \u0431\u0443\u0434\u043a\u0438 \u0454 \u0432\u0456\u043a\u043e\u043d\u0446\u0435 \u0434\u043b\u044f \u043a\u043e\u043d\u0442\u0430\u043a\u0442\u0443 \u0437 \u0434\u0438\u0442\u0438\u043d\u043e\u044e &mdash; \u0432\u0438 \u0437\u0430\u0432\u0436\u0434\u0438 \u0437\u043c\u043e\u0436\u0435\u0442\u0435 \u0441\u0442\u0435\u0436\u0438\u0442\u0438 \u0437\u0430 \u0441\u0432\u043e\u0457\u043c \u043c\u0430\u043b\u044e\u043a\u043e\u043c. <\/span><span>\u0423 \u0437\u0430\u0434\u043d\u0456\u0439 \u0447\u0430\u0441\u0442\u0438\u043d\u0456 \u0431\u0443\u0434\u043a\u0438 \u0454 \u043a\u0438\u0448\u0435\u043d\u044c\u043a\u0430 \u0434\u043b\u044f \u0434\u0440\u0456\u0431\u043d\u0438\u0446\u044c \u0431\u0430\u0442\u044c\u043a\u0430.<\/span><\/span><\/p>\n<\/div>\n<\/div>\n<p>&nbsp; <\/p>\n<table class=\"border-collapse\">\n<tbody>\n<tr>\n<th>\u0412\u0456\u043a\/\u0412\u0430\u0433\u0430\/\u0437\u0440\u0456\u0441\u0442 \u0434\u0438\u0442\u0438\u043d\u0438:<\/th>\n<td class=\"align-top font-medium pb-2\">0-22 \u043a\u0433<\/td>\n<\/tr>\n<tr>\n<th>\u0412\u0430\u0433\u0430 \u0432\u0438\u0440\u043e\u0431\u0443:<\/th>\n<td class=\"align-top font-medium pb-2\">9,8 \u043a\u0433<\/td>\n<\/tr>\n<tr>\n<th>\u0421\u043a\u043b\u0430\u0434\u0430\u043d\u0430 \u043a\u043e\u043b\u044f\u0441\u043a\u0430:<\/th>\n<td class=\"align-top font-medium pb-2\">83 \u0445 62 \u0445 27 \u0441\u043c<\/td>\n<\/tr>\n<tr>\n<th>\u0420\u043e\u0437\u0441\u043a\u043b\u0430\u0434\u0430\u043d\u0430 \u043a\u043e\u043b\u044f\u0441\u043a\u0430:<\/th>\n<td class=\"align-top font-medium pb-2\">95 \u0445 57 \u0445 106 \u0441\u043c<\/td>\n<\/tr>\n<tr>\n<th>\u0414\u043e\u0432\u0436\u0438\u043d\u0430 \u0441\u0438\u0434\u0456\u043d\u043d\u044f \u0432 \u043f\u043e\u043b\u043e\u0436\u0435\u043d\u043d\u0456 \u043b\u0435\u0436\u0430\u0447\u0438:<\/th>\n<td class=\"align-top font-medium pb-2\">94 \u0441\u043c<\/td>\n<\/tr>\n<tr>\n<th>\u0420\u043e\u0437\u043c\u0456\u0440\u0438 \u043f\u0456\u0434\u043d\u0456\u0436\u043a\u0438:<\/th>\n<td class=\"align-top font-medium pb-2\">36 \u0445 23 \u0441\u043c<\/td>\n<\/tr>\n<tr>\n<th>\u0420\u043e\u0437\u043c\u0456\u0440\u0438 \u0441\u0438\u0434\u0456\u043d\u043d\u044f:<\/th>\n<td class=\"align-top font-medium pb-2\">35 \u0445 22 \u0441\u043c<\/td>\n<\/tr>\n<tr>\n<th>\u0420\u043e\u0437\u043c\u0456\u0440\u0438 \u0441\u043f\u0438\u043d\u043a\u0438:<\/th>\n<td class=\"align-top font-medium pb-2\">35 \u0445 47 \u0441\u043c<\/td>\n<\/tr>\n<tr>\n<th>\u041f\u0435\u0440\u0435\u0434\u043d\u0456 \u043a\u043e\u043b\u0435\u0441\u0430:<\/th>\n<td class=\"align-top font-medium pb-2\">16 \u0441\u043c<\/td>\n<\/tr>\n<tr>\n<th>\u0417\u0430\u0434\u043d\u0456 \u043a\u043e\u043b\u0435\u0441\u0430:<\/th>\n<td class=\"align-top font-medium pb-2\">25 \u0441\u043c<\/td>\n<\/tr>\n<\/tbody>\n<\/table>\n<p><iframe loading=\"lazy\" title=\"Spacer\u00f3wka rozk\u0142adana na p\u0142asko GRANDE Kinderkraft | z amortyzacj\u0105\" width=\"500\" height=\"281\" src=\"https:\/\/www.youtube.com\/embed\/szrJVnaEDC4?feature=oembed\" frameborder=\"0\" allow=\"accelerometer; autoplay; clipboard-write; encrypted-media; gyroscope; picture-in-picture; web-share\" referrerpolicy=\"strict-origin-when-cross-origin\" allowfullscreen><\/iframe><\/p>\n","protected":false},"excerpt":{"rendered":"<p>\u041f\u0440\u0435\u0434\u0441\u0442\u0430\u0432\u043b\u044f\u0454\u043c\u043e GRANDE PLUS &mdash; \u043a\u043e\u043b\u044f\u0441\u043a\u0443, \u044f\u043a\u0430 \u0441\u043f\u043e\u0434\u043e\u0431\u0430\u0454\u0442\u044c\u0441\u044f \u043a\u043e\u0436\u043d\u0438\u043c \u0431\u0430\u0442\u044c\u043a\u0430\u043c.&nbsp;\u0426\u0435 \u043a\u043e\u043b\u044f\u0441\u043a\u0430 \u0432\u0456\u0434 \u043d\u0430\u0440\u043e\u0434\u0436\u0435\u043d\u043d\u044f \u0434\u043e 22 \u043a\u0433, \u0437\u0430\u0432\u0434\u044f\u043a\u0438 \u0447\u043e\u043c\u0443 \u0432\u043e\u043d\u0430 \u0441\u043b\u0443\u0433\u0443\u0432\u0430\u0442\u0438\u043c\u0435 \u0432\u0430\u043c<\/p>\n","protected":false},"featured_media":135419,"comment_status":"closed","ping_status":"open","template":"","meta":[],"product_brand":[],"product_cat":[13913],"product_tag":[],"class_list":{"0":"post-135418","1":"product","2":"type-product","3":"status-publish","4":"has-post-thumbnail","6":"product_cat-kolyasky","8":"first","9":"instock","10":"purchasable","11":"product-type-simple"},"_links":{"self":[{"href":"https:\/\/alisa.od.ua\/uk\/wp-json\/wp\/v2\/product\/135418","targetHints":{"allow":["GET"]}}],"collection":[{"href":"https:\/\/alisa.od.ua\/uk\/wp-json\/wp\/v2\/product"}],"about":[{"href":"https:\/\/alisa.od.ua\/uk\/wp-json\/wp\/v2\/types\/product"}],"replies":[{"embeddable":true,"href":"https:\/\/alisa.od.ua\/uk\/wp-json\/wp\/v2\/comments?post=135418"}],"wp:featuredmedia":[{"embeddable":true,"href":"https:\/\/alisa.od.ua\/uk\/wp-json\/wp\/v2\/media\/135419"}],"wp:attachment":[{"href":"https:\/\/alisa.od.ua\/uk\/wp-json\/wp\/v2\/media?parent=135418"}],"wp:term":[{"taxonomy":"product_brand","embeddable":true,"href":"https:\/\/alisa.od.ua\/uk\/wp-json\/wp\/v2\/product_brand?post=135418"},{"taxonomy":"product_cat","embeddable":true,"href":"https:\/\/alisa.od.ua\/uk\/wp-json\/wp\/v2\/product_cat?post=135418"},{"taxonomy":"product_tag","embeddable":true,"href":"https:\/\/alisa.od.ua\/uk\/wp-json\/wp\/v2\/product_tag?post=135418"}],"curies":[{"name":"wp","href":"https:\/\/api.w.org\/{rel}","templated":true}]}}