{"id":135040,"date":"2024-05-28T12:40:17","date_gmt":"2024-05-28T09:40:17","guid":{"rendered":"https:\/\/alisa.od.ua\/manezh-momi-belove-green\/"},"modified":"2024-05-28T12:40:19","modified_gmt":"2024-05-28T09:40:19","slug":"manezh-momi-belove-green","status":"publish","type":"product","link":"https:\/\/alisa.od.ua\/uk\/manezh-momi-belove-green\/","title":{"rendered":"\u041c\u0430\u043d\u0435\u0436 MoMi BELOVE Green"},"content":{"rendered":"<p>\u041f\u043e\u0434\u043e\u0440\u043e\u0436\u0443\u0432\u0430\u0442\u0438 \u0437 \u0434\u0438\u0442\u0438\u043d\u043e\u044e &mdash; \u0434\u043e\u0441\u0438\u0442\u044c \u0441\u043a\u043b\u0430\u0434\u043d\u0435 \u0437\u0430\u0432\u0434\u0430\u043d\u043d\u044f! \u042f\u043a \u043c\u0430\u043c\u0430, \u0432\u0438 \u0445\u043e\u0447\u0435\u0442\u0435, \u0449\u043e\u0431 \u043c\u0430\u043b\u044e\u043a\u043e\u0432\u0456 \u0431\u0443\u043b\u043e \u0437\u0440\u0443\u0447\u043d\u043e. \u041d\u0456\u0447\u043d\u0456 \u043f\u0440\u043e\u0433\u0443\u043b\u044f\u043d\u043a\u0438 \u043e\u0441\u043e\u0431\u043b\u0438\u0432\u043e \u0432\u0430\u0436\u043b\u0438\u0432\u0456, \u0430\u0434\u0436\u0435 \u0441\u0430\u043c\u0435 \u0442\u043e\u0434\u0456 \u0432\u0430\u0448 \u043c\u0430\u043b\u044e\u043a \u043f\u043e\u0447\u0443\u0432\u0430\u0454\u0442\u044c\u0441\u044f \u0432 \u0431\u0435\u0437\u043f\u0435\u0446\u0456 \u0442\u0430 \u043a\u043e\u043c\u0444\u043e\u0440\u0442\u0456. \u0421\u0430\u043c\u0435 \u0442\u043e\u043c\u0443 \u043a\u043e\u043b\u0438\u0441\u043a\u0430 MoMi BELOVE \u0456\u0434\u0435\u0430\u043b\u044c\u043d\u043e \u043f\u0456\u0434\u0445\u043e\u0434\u0438\u0442\u044c \u0434\u043b\u044f \u0441\u043f\u0456\u043b\u044c\u043d\u0438\u0445 \u043f\u043e\u0457\u0437\u0434\u043e\u043a. \u0412\u0456\u043d \u043b\u0435\u0433\u043a\u0438\u0439, \u043b\u0435\u0433\u043a\u043e \u0441\u043a\u043b\u0430\u0434\u0430\u0454\u0442\u044c\u0441\u044f \u0439 \u043f\u043e\u0441\u0442\u0430\u0447\u0430\u0454\u0442\u044c\u0441\u044f \u0437\u0456 \u0437\u0440\u0443\u0447\u043d\u043e\u044e \u0441\u0443\u043c\u043a\u043e\u044e \u0434\u043b\u044f \u043f\u0435\u0440\u0435\u043d\u0435\u0441\u0435\u043d\u043d\u044f. \u041b\u0456\u0436\u0435\u0447\u043a\u043e MoMi BELOVE \u043c\u043e\u0436\u043d\u0430 \u0442\u0430\u043a\u043e\u0436 \u0432\u0438\u043a\u043e\u0440\u0438\u0441\u0442\u043e\u0432\u0443\u0432\u0430\u0442\u0438 \u044f\u043a \u043c\u0430\u043d\u0435\u0436, \u0442\u043e\u043c\u0443 \u0432\u043e\u043d\u043e \u0447\u0443\u0434\u043e\u0432\u043e \u043f\u0456\u0434\u0445\u043e\u0434\u0438\u0442\u044c \u0456 \u0434\u043b\u044f \u043f\u043e\u0432\u0441\u044f\u043a\u0434\u0435\u043d\u043d\u043e\u0433\u043e \u0432\u0438\u043a\u043e\u0440\u0438\u0441\u0442\u0430\u043d\u043d\u044f. <img loading=\"lazy\" decoding=\"async\" alt=\"\" class=\" wd-lazy-fade alignnone size-full wp-image-15348\" height=\"480\" src=\"https:\/\/alisa.od.ua\/wp-content\/themes\/woodmart\/images\/lazy.svg\" data-src=\"https:\/\/hanert.com.ua\/wp-content\/uploads\/2022\/07\/lifestyle-5.jpg\" width=\"1440\" \/> <strong>\u042f\u043a\u0456 \u043e\u0441\u043e\u0431\u043b\u0438\u0432\u043e\u0441\u0442\u0456 \u043c\u0430\u0454 \u043b\u0456\u0436\u0435\u0447\u043a\u043e MoMi BELOVE? \u041e\u0441\u044c \u0432\u0456\u0434\u043f\u043e\u0432\u0456\u0434\u044c!<\/strong><\/p>\n<ul>\n<li>\u0412\u0456\u043d \u043e\u0431\u043b\u0430\u0434\u043d\u0430\u043d\u0438\u0439 \u0441\u0438\u0441\u0442\u0435\u043c\u043e\u044e \u0448\u0432\u0438\u0434\u043a\u043e\u0433\u043e \u0441\u043a\u043b\u0430\u0434\u0430\u043d\u043d\u044f \u0442\u0430 \u0440\u043e\u0437\u043a\u043b\u0430\u0434\u0430\u043d\u043d\u044f \u0439 \u0441\u0438\u0441\u0442\u0435\u043c\u043e\u044e \u0431\u0435\u0437\u043f\u0435\u043a\u0438 \u0434\u043b\u044f \u0437\u0430\u043f\u043e\u0431\u0456\u0433\u0430\u043d\u043d\u044f \u043d\u0435\u043a\u043e\u043d\u0442\u0440\u043e\u043b\u044c\u043e\u0432\u0430\u043d\u043e\u043c\u0443 \u0441\u043a\u043b\u0430\u0434\u0430\u043d\u043d\u044e<\/li>\n<li>\u0412\u043e\u043d\u0430 \u043b\u0435\u0433\u043a\u0430<\/li>\n<li>\u0423 \u0441\u043a\u043b\u0430\u0434\u0435\u043d\u043e\u043c\u0443 \u0432\u0438\u0433\u043b\u044f\u0434\u0456 \u043a\u043e\u043c\u043f\u0430\u043a\u0442\u043d\u0438\u0439 (21x23x80)<\/li>\n<li>\u0414\u043e \u043a\u043e\u043c\u043f\u043b\u0435\u043a\u0442\u0443 \u0432\u0445\u043e\u0434\u0438\u0442\u044c \u0441\u0443\u043c\u043a\u0430 \u0434\u043b\u044f \u0437\u0440\u0443\u0447\u043d\u043e\u0433\u043e \u0442\u0440\u0430\u043d\u0441\u043f\u043e\u0440\u0442\u0443\u0432\u0430\u043d\u043d\u044f<\/li>\n<li>\u0411\u0456\u0447\u043d\u0456 \u0441\u0442\u043e\u0440\u043e\u043d\u0438 \u0432\u0438\u0433\u043e\u0442\u043e\u0432\u043b\u0435\u043d\u0456 \u0437 \u043f\u043e\u0432\u0456\u0442\u0440\u044f\u043d\u043e\u0457 \u0441\u0456\u0442\u043a\u0438 \u0434\u043b\u044f \u0433\u0430\u0440\u043d\u043e\u0457 \u0446\u0438\u0440\u043a\u0443\u043b\u044f\u0446\u0456\u0457 \u043f\u043e\u0432\u0456\u0442\u0440\u044f<\/li>\n<li>\u0417\u0431\u043e\u043a\u0443 \u0454 \u0432\u0445\u0456\u0434 \u043d\u0430 \u0431\u043b\u0438\u0441\u043a\u0430\u0432\u0446\u0456, \u0449\u043e\u0431 \u0437\u0430\u0431\u0435\u0437\u043f\u0435\u0447\u0438\u0442\u0438 \u0441\u0432\u043e\u0431\u043e\u0434\u0443 \u0440\u0443\u0445\u0456\u0432 \u0434\u043b\u044f \u0432\u0435\u043b\u0438\u043a\u0438\u0445 \u0434\u0456\u0442\u0435\u0439.<\/li>\n<li>\u041c\u0430\u0454 2 \u043a\u043e\u043b\u0435\u0441\u0430 \u0434\u043b\u044f \u043b\u0435\u0433\u043a\u043e\u0433\u043e \u043f\u0435\u0440\u0435\u043c\u0456\u0449\u0435\u043d\u043d\u044f \u043b\u0456\u0436\u0435\u0447\u043a\u0430<\/li>\n<li>\u0422\u0430\u043a\u043e\u0436 \u0432\u0438\u043a\u043e\u043d\u0443\u0454 \u0444\u0443\u043d\u043a\u0446\u0456\u044e \u043c\u0430\u043d\u0435\u0436\u0443<\/li>\n<li>\u041a\u0443\u0442\u0438 \u0437\u0430\u0445\u0438\u0449\u0435\u043d\u0456 \u043f\u043b\u0430\u0441\u0442\u0438\u043a\u043e\u0432\u0438\u043c\u0438 \u043d\u0430\u043a\u043b\u0430\u0434\u043a\u0430\u043c\u0438-\u0431\u0430\u043c\u043f\u0435\u0440\u0430\u043c\u0438, \u0449\u043e \u0437\u0430\u043a\u0440\u0438\u0432\u0430\u044e\u0442\u044c \u0433\u043e\u0441\u0442\u0440\u0456 \u043a\u0440\u0430\u0457 \u043b\u0456\u0436\u0435\u0447\u043a\u0430<\/li>\n<li>\u041f\u0456\u0434\u0445\u043e\u0434\u0438\u0442\u044c \u0434\u043b\u044f \u0434\u0456\u0442\u0435\u0439 \u0432\u0456\u043a\u043e\u043c \u0432\u0456\u0434 1 \u0434\u043d\u044f \u0434\u043e 36 \u043c\u0456\u0441\u044f\u0446\u0456\u0432<\/li>\n<li>\u0414\u043e 15 \u043a\u0433<\/li>\n<li>\u041f\u043e\u0441\u0442\u0430\u0447\u0430\u0454\u0442\u044c\u0441\u044f \u0437 \u0432\u0431\u0443\u0434\u043e\u0432\u0430\u043d\u0438\u043c \u043c\u0430\u0442\u0440\u0430\u0446\u043e\u043c \u0437\u0430\u0432\u0442\u043e\u0432\u0448\u043a\u0438 1,2 \u0441\u043c<\/li>\n<li>\u0423\u0441\u043f\u0456\u0448\u043d\u043e \u043f\u0440\u043e\u0439\u0448\u043b\u0430 \u0432\u0438\u043f\u0440\u043e\u0431\u0443\u0432\u0430\u043d\u043d\u044f \u0432 \u043d\u0435\u0437\u0430\u043b\u0435\u0436\u043d\u0456\u0439 \u0441\u0435\u0440\u0442\u0438\u0444\u0456\u043a\u0430\u0446\u0456\u0439\u043d\u0456\u0439 \u043b\u0430\u0431\u043e\u0440\u0430\u0442\u043e\u0440\u0456\u0457 SGS<\/li>\n<li>\u0412\u0456\u0434\u043f\u043e\u0432\u0456\u0434\u0430\u0454 \u043a\u0440\u0438\u0442\u0435\u0440\u0456\u044f\u043c \u0454\u0432\u0440\u043e\u043f\u0435\u0439\u0441\u044c\u043a\u043e\u0433\u043e \u0441\u0442\u0430\u043d\u0434\u0430\u0440\u0442\u0443 \u0431\u0435\u0437\u043f\u0435\u043a\u0438<\/li>\n<\/ul>\n<p><iframe loading=\"lazy\" title=\"MoMi BELOVE 2w1 \u0142\u00f3\u017ceczko turystyczne i kojec\" width=\"500\" height=\"281\" src=\"https:\/\/www.youtube.com\/embed\/rZn1sPv2Tcw?feature=oembed\" frameborder=\"0\" allow=\"accelerometer; autoplay; clipboard-write; encrypted-media; gyroscope; picture-in-picture; web-share\" referrerpolicy=\"strict-origin-when-cross-origin\" allowfullscreen><\/iframe><\/p>\n","protected":false},"excerpt":{"rendered":"<p>\u041f\u043e\u0434\u043e\u0440\u043e\u0436\u0443\u0432\u0430\u0442\u0438 \u0437 \u0434\u0438\u0442\u0438\u043d\u043e\u044e &mdash; \u0434\u043e\u0441\u0438\u0442\u044c \u0441\u043a\u043b\u0430\u0434\u043d\u0435 \u0437\u0430\u0432\u0434\u0430\u043d\u043d\u044f! \u042f\u043a \u043c\u0430\u043c\u0430, \u0432\u0438 \u0445\u043e\u0447\u0435\u0442\u0435, \u0449\u043e\u0431 \u043c\u0430\u043b\u044e\u043a\u043e\u0432\u0456 \u0431\u0443\u043b\u043e \u0437\u0440\u0443\u0447\u043d\u043e. \u041d\u0456\u0447\u043d\u0456 \u043f\u0440\u043e\u0433\u0443\u043b\u044f\u043d\u043a\u0438 \u043e\u0441\u043e\u0431\u043b\u0438\u0432\u043e \u0432\u0430\u0436\u043b\u0438\u0432\u0456, \u0430\u0434\u0436\u0435<\/p>\n","protected":false},"featured_media":135042,"comment_status":"closed","ping_status":"open","template":"","meta":[],"product_brand":[],"product_cat":[13914],"product_tag":[],"class_list":{"0":"post-135040","1":"product","2":"type-product","3":"status-publish","4":"has-post-thumbnail","6":"product_cat-manezhi","8":"first","9":"instock","10":"purchasable","11":"product-type-simple"},"_links":{"self":[{"href":"https:\/\/alisa.od.ua\/uk\/wp-json\/wp\/v2\/product\/135040","targetHints":{"allow":["GET"]}}],"collection":[{"href":"https:\/\/alisa.od.ua\/uk\/wp-json\/wp\/v2\/product"}],"about":[{"href":"https:\/\/alisa.od.ua\/uk\/wp-json\/wp\/v2\/types\/product"}],"replies":[{"embeddable":true,"href":"https:\/\/alisa.od.ua\/uk\/wp-json\/wp\/v2\/comments?post=135040"}],"wp:featuredmedia":[{"embeddable":true,"href":"https:\/\/alisa.od.ua\/uk\/wp-json\/wp\/v2\/media\/135042"}],"wp:attachment":[{"href":"https:\/\/alisa.od.ua\/uk\/wp-json\/wp\/v2\/media?parent=135040"}],"wp:term":[{"taxonomy":"product_brand","embeddable":true,"href":"https:\/\/alisa.od.ua\/uk\/wp-json\/wp\/v2\/product_brand?post=135040"},{"taxonomy":"product_cat","embeddable":true,"href":"https:\/\/alisa.od.ua\/uk\/wp-json\/wp\/v2\/product_cat?post=135040"},{"taxonomy":"product_tag","embeddable":true,"href":"https:\/\/alisa.od.ua\/uk\/wp-json\/wp\/v2\/product_tag?post=135040"}],"curies":[{"name":"wp","href":"https:\/\/api.w.org\/{rel}","templated":true}]}}